{"id":8723,"date":"2019-12-23T18:16:20","date_gmt":"2019-12-23T17:16:20","guid":{"rendered":"http:\/\/www.sdxf.se\/WP\/?page_id=8723"},"modified":"2023-04-18T17:37:52","modified_gmt":"2023-04-18T15:37:52","slug":"att-lyssna-pa-non-dirctional-beacons-ndb","status":"publish","type":"page","link":"https:\/\/www.sdxf.se\/WP\/?page_id=8723","title":{"rendered":"Introduktion till NDB (Non Directional Beacons)"},"content":{"rendered":"<div id=\"attachment_8734\" style=\"width: 228px\" class=\"wp-caption alignleft\"><a href=\"https:\/\/www.sdxf.se\/WP\/wp-content\/uploads\/2019\/12\/Fyrar1.jpeg\"><img loading=\"lazy\" decoding=\"async\" aria-describedby=\"caption-attachment-8734\" class=\"wp-image-8734 size-medium\" src=\"https:\/\/www.sdxf.se\/WP\/wp-content\/uploads\/2019\/12\/Fyrar1-218x300.jpeg\" alt=\"\" width=\"218\" height=\"300\" srcset=\"https:\/\/www.sdxf.se\/WP\/wp-content\/uploads\/2019\/12\/Fyrar1-218x300.jpeg 218w, https:\/\/www.sdxf.se\/WP\/wp-content\/uploads\/2019\/12\/Fyrar1.jpeg 371w\" sizes=\"auto, (max-width: 218px) 100vw, 218px\" \/><\/a><p id=\"caption-attachment-8734\" class=\"wp-caption-text\">Rysk NDB-anl\u00e4ggning. K\u00e4lla: Google.<\/p><\/div>\n<p style=\"text-align: left;\">Jag f\u00f6rs\u00f6ker h\u00e4r bringa klarhet kring en del av fyrlyssningens grundbultar. Om intresse finns kan jag utveckla \u00e4mnet i en kommande artikel.<\/p>\n<p style=\"text-align: left;\"><strong>Vad\u00e5 fyrlyssning?!<\/strong><\/p>\n<p style=\"text-align: left;\">Det finns m\u00e5nga s\u00e4tt att anv\u00e4nda radiov\u00e5gor p\u00e5. Ett av de \u00f6ver tiden mest intressanta tycker jag \u00e4r positions- och distansbest\u00e4mning. Idag n\u00e4r vi har GPS mottagare i telefoner, flygplan, b\u00e5tar och bilar gl\u00f6mmer vi l\u00e4tt att det \u00e4nnu finns m\u00e5nga tusen markbaserade radiofyrar som fortfarande v\u00e4gleder. V\u00e5ra optiska fyrar l\u00e4ngs v\u00e4rldens kuster och sj\u00f6v\u00e4gar har vi snart bara kvar av nostalgiska sk\u00e4l, men det finns ett stort antal radioflygfyrar i fortsatt aktiv tj\u00e4nst, v\u00e4rlden \u00f6ver.<\/p>\n<p style=\"text-align: left;\">Jag kommer forts\u00e4ttningsvis att h\u00e5lla mig till de fyrar som finns i det s\u00e5 kallade fyrbandet mellan l\u00e5ngv\u00e5g och mellanv\u00e5g, ca 280-530 kHz. De ben\u00e4mns NDB vilket st\u00e5r f\u00f6r Non Directional Beacons, dvs rundstr\u00e5lande fyrar.Jag vill h\u00e5lla denna artikel p\u00e5 en l\u00e4ttf\u00f6rst\u00e5elig niv\u00e5 och kan kanske emellan\u00e5t bli upprepande och \u00f6vertydlig. Tycker du det, s\u00e5 t\u00e4nk p\u00e5 dem som vet lite mindre \u00e4n du, men som \u00e4nd\u00e5 vill f\u00f6rst\u00e5.<\/p>\n<p style=\"text-align: left;\"><strong>Varf\u00f6r lyssna p\u00e5 fyrar?<\/strong><\/p>\n<p style=\"text-align: left;\">M\u00e5nga fyrlyssnare, kanske tom de flesta, anv\u00e4nder fyrar f\u00f6r att f\u00e5 hj\u00e4lp med att ha \u201df\u00f6rkoll\u201d p\u00e5 de atmosf\u00e4riska konditionerna. Fyrar finns, l\u00e4gligt nog, m\u00e5nga g\u00e5nger p\u00e5 platser d\u00e4r inga rundradiostationer finns. I vanlig ordning f\u00f6rekommer \u00e4ven i fyrsammanhang stations-, land- och diplomj\u00e4gare. De enda som saknas \u00e4r v\u00e4l de utpr\u00e4glade programlyssnarna \ud83d\ude09 . Dessa v\u00e4ljer<br \/>\nnog ett annat hobbysegment, troligen allt oftare baserat p\u00e5 www.<\/p>\n<p style=\"text-align: left;\">Vi \u00e4r en illuster skara som i Sverige s\u00e4kert inte \u00f6verskrider n\u00e5got dussin \u00e5terfallslyssnare. Of\u00f6rb\u00e4tterliga heltidsmissbrukare torde inte vara h\u00e4lften s\u00e5 m\u00e5nga. S\u00e5 det finns plats f\u00f6r fler.<\/p>\n<p style=\"text-align: left;\"><strong>Vad \u00e4r d\u00e5 en NDB?<\/strong><\/p>\n<p style=\"text-align: left;\">Liksom fartygens fyrar klassificeras och indelas alltefter deras uppdrag, har \u00e4ven radiofyrarna givna olikheter. Tack och lov ligger n\u00e4stan aldrig tv\u00e5 fyrar med samma id p\u00e5 samma frekvens. OM de g\u00f6r det finns de i olika v\u00e4rldsdelar. Regler och standarder finns som v\u00e4l \u00e4r. F\u00f6r att underl\u00e4tta lyssnandet ombord, enades man tidigt kring identifieringss\u00e4ttet. Fyrarna s\u00e4nder alla sin identifikation med l\u00e5ngsamma morsesignaler. Envist upprepade i ett \u00e5terkommande m\u00f6nster. Oftast 60\/24\/7.<\/p>\n<p style=\"text-align: left;\">Morsesignalerna s\u00e4nds med det n\u00e5got ovanliga trafiks\u00e4ttet A2, vilket inneb\u00e4r att \u201dpipen\u201d \u00e4r amplitudmodulerade och kan h\u00f6ras p\u00e5 en enkel och d\u00e4rmed funktionss\u00e4krare mottagare; Ingen BFO eller produktdetektor beh\u00f6vs. Dessa kunde vibrera \u201dloss\u201d och \u00e4ventyra avl\u00e4sning och d\u00e4rmed fyridentifikation i flygplan och p\u00e5 fartyg. Dagens \u00e5terst\u00e5ende NDB \u00e4r s\u00e5 gott som alla uteslutande flygfyrar. De anv\u00e4nds av fr\u00e4mst mindre plan och helikoptrar f\u00f6r att i m\u00f6rker och vid d\u00e5ligt v\u00e4der kunna finna sin destination, position och hitta r\u00e4tt. Flygfyrarna \u00e4r av tv\u00e5 kategorier. Flertalet finns i direkt anslutning till en flygplats medan ett mindre antal ligger utefter flygrutterna mellan flygplatser, sk enrute-fyrar.<\/p>\n<p style=\"text-align: left;\"><strong>Var hittar jag dem?<\/strong><\/p>\n<p style=\"text-align: left;\">Fyrarnas huvudsakliga hemvist \u00e4r som ovan sagts, det sk fyrbandet, men m\u00e5nga \u00e5terfinns p\u00e5 s\u00e5v\u00e4l l\u00e4gre som h\u00f6gre frekvenser. L\u00e5ngv\u00e5gen f\u00f6r rundradio \u00e4r en utd\u00f6ende europeisk f\u00f6reteelse, i Amerika \u00e4r \u00e4ven LV ett fyrband. Du har s\u00e4kert r\u00e5kat p\u00e5 morsesignaler p\u00e5 mellanv\u00e5gen. D\u00e4r h\u00e5ller m\u00e5nga fyrar fr\u00e5n Ryssland och de forna sovjetrepublikerna till. Fyren ger sitt id med amplitudmodulerad telegrafi. Fyrfrekvensen, som anges i alla listor, \u00e4r b\u00e4rv\u00e5gens frekvens. D\u00e4r h\u00f6rs inget id. Fyrens id finner du p\u00e5 ett av, eller vanligen b\u00e4gge,\u00b4sidbanden\u00b4. Vanligen ligger sidbanden 400 Hz eller 1000Hz p\u00e5 vardera sidan om fyrens b\u00e4rv\u00e5g.<\/p>\n<p style=\"text-align: left;\">Ett exempel som belyser detta: Fyren \u201dOZ\u201d i K\u00e4rdla, Estland har sin b\u00e4rv\u00e5gsfrekvens angiven till 317,0 kHz, men d\u00e4r h\u00f6rs inte dess id, detta h\u00f6r du i runda tal p\u00e5 316,6 respektive 317,4 kHz. RUS, FRA, ITA, POL, USA m fl anv\u00e4nder vanligen 1000 Hz medan SWE, ENG, CAN, NOR m fl anv\u00e4nder 400 Hz. Det finns andra, ovanligare, sidbands-frekvenser med det \u00e4r \u00f6verkurs.<\/p>\n<p><strong>Vad beh\u00f6ver jag?<\/strong><\/p>\n<p style=\"text-align: left;\">De starkaste fyrarna i din n\u00e4rhet h\u00f6r du s\u00e4kert utm\u00e4rkt p\u00e5 en vanlig LV\/MV-radio med dess inbyggda ferritantenn. Blir du f\u00e5ngad av denna vanebildande hobby \u00e4r det en stor f\u00f6rdel att anv\u00e4nda en mottagare med mycket god selektivitet. Idag f\u00e5r v\u00e4l detta uttydas SDR. Denna mottagartyp har i fyrsammanhang ytterligare en stor f\u00f6rdel som jag \u00e5terkommer till.Antennfr\u00e5gan l\u00f6ser du, med tanke p\u00e5 den l\u00e5nga v\u00e5gl\u00e4ngden, enklast med en loop eller en aktiv, rundstr\u00e5lande, antenn. B\u00e5da dessa kan k\u00f6pas f\u00e4rdiga, eller enkelt byggas av den h\u00e4ndige. Till loopens f\u00f6rdel h\u00f6r att den kan roteras och d\u00e4rmed v\u00e4ljer anv\u00e4ndaren vilken station som ska minimeras eller maximeras. Den rundstr\u00e5lande slipper du rotera allteftersom konditionerna eller \u00f6nskem\u00e5len varierar. Sj\u00e4lv anv\u00e4nder jag Wellbrooks produkter, tre st ALA och tv\u00e5 st FLG. Om du som jag spelar in hela mellanv\u00e5gen med Maxtor, Perseus eller SDRConsole f\u00e5r du fyrbandet sas p\u00e5 k\u00f6pet.<\/p>\n<p style=\"text-align: left;\">Ytterligare tillg\u00e5ngar i fyrletandet \u00e4r god hustrusupport, stort t\u00e5lamod och m\u00f6rker hela v\u00e4gen mellan fyr och lyssnare. De flesta fyrar anv\u00e4nder i v\u00e5ra sammanhang m\u00e4tt mycket l\u00e5ga effekter. 5-25 watt \u00e4r vanligast. I ensliga omr\u00e5den kan upp till 1-3 kW anv\u00e4ndas men det g\u00e4ller fr\u00e4mst \u00f6ar i Atlanten och omr\u00e5den i exempelvis norra Kanada.<\/p>\n<p style=\"text-align: left;\"><strong>Identifiering<\/strong><\/p>\n<div id=\"attachment_8732\" style=\"width: 310px\" class=\"wp-caption alignleft\"><a href=\"https:\/\/www.sdxf.se\/WP\/wp-content\/uploads\/2019\/12\/Fyrar2.jpg\"><img loading=\"lazy\" decoding=\"async\" aria-describedby=\"caption-attachment-8732\" class=\"wp-image-8732 size-medium\" src=\"https:\/\/www.sdxf.se\/WP\/wp-content\/uploads\/2019\/12\/Fyrar2-300x208.jpg\" alt=\"\" width=\"300\" height=\"208\" srcset=\"https:\/\/www.sdxf.se\/WP\/wp-content\/uploads\/2019\/12\/Fyrar2-300x208.jpg 300w, https:\/\/www.sdxf.se\/WP\/wp-content\/uploads\/2019\/12\/Fyrar2.jpg 746w\" sizes=\"auto, (max-width: 300px) 100vw, 300px\" \/><\/a><p id=\"caption-attachment-8732\" class=\"wp-caption-text\">NDB i mitt n\u00e4romr\u00e5de, illustrerat i Google Earth. R\u00f6da \u00e4r redan h\u00f6rda, gula jagas och de vita \u00e4r tagna ur drift.<\/p><\/div>\n<p style=\"text-align: left;\">Alla fyrar har ett, f\u00f6r frekvensen, unikt id som vanligen vanligen best\u00e5r av en, tv\u00e5 eller tre bokst\u00e4ver. Vissa enstaka fyrar blandar in siffror och kan best\u00e5 av upp till fem tecken. F\u00f6r att veta vilken fyr du lyssnar p\u00e5 b\u00f6r du d\u00e4rf\u00f6r i steg ett vara utrustad med kunskap i morsealfabeten. Jo, det finns fler \u00e4n ett. Du kommer nog att h\u00f6ra m\u00e5nga fyrar i \u00f6sterled och d\u00e4r anv\u00e4nder dom ju kyrilliska tecken, men f\u00f6rbli lugn, det \u00e4r bara en handfull tecken som tillkommer.<\/p>\n<p style=\"text-align: left;\">Nu har du antecknat fyrens frekvens och fyrens id. Visst vore det d\u00e5 roligt att veta var den fyren \u00e4r geografiskt bel\u00e4gen. F\u00f6r detta \u00e4ndam\u00e5l finns det flera bra l\u00f6sningar. Databasen <a href=\"https:\/\/rxx.classaxe.com\/en\/reu\/signals\" target=\"_blank\" rel=\"noopener\">RNA-REU-RWW<\/a> visar n\u00e4stan allt. William Hepburns <a href=\"https:\/\/www.dxinfocentre.com\/ndb.htm\" target=\"_blank\" rel=\"noopener\">LW Radio Beacons<\/a> \u00e4r ett annat bra tips. Tycker du b\u00e4ttre om pappers- eller CD-listor k\u00f6per du dessa utm\u00e4rkta produkter hos <a href=\"http:\/\/www.ndblist.info\/index_htm_files\/NDBpublications2022.pdf\" target=\"_blank\" rel=\"noopener\">Michael Oexner<\/a>. En tredje k\u00e4lla \u00e4r <a href=\"http:\/\/www.ve3gop.com\/files_new\/files.html\" target=\"_blank\" rel=\"noopener\">WWSU<\/a>, ett litet smidigt och prisbilligt program som ger b\u00e5de s\u00f6kbarhet och loggskrivning, p\u00e5 samma g\u00e5ng. Sj\u00e4lv anv\u00e4nder jag dagligen s\u00e5v\u00e4l online- som CD-varianterna.<\/p>\n<p style=\"text-align: left;\">Det \u00e4r intressant tycker jag att i Google Earth se fyrplatsen, det fixar Michaels CD. Alla mina loggar sk\u00f6ter jag btw i Excel. For better or for worse. Libre Office rekommenderas, det ger n\u00e4stan samma prestanda som MS Office, gratis.<\/p>\n<p><strong>Rapporter och QSL<\/strong><\/p>\n<p style=\"text-align: left;\">Tillh\u00f6r du dem som fortfarande traktar efter andra personers bekr\u00e4ftelse, s\u00e5 \u00e4r du inte heller h\u00e4r ensam bland fyrj\u00e4gare. Det ber\u00e4ttas mig att fyrstationer inte ligger efter BC-stationer i QSL-statistiken, snarare kanske tv\u00e4rt om. Fyrarna driftas ofta av eldsj\u00e4lar som s\u00e4tter stort v\u00e4rde p\u00e5 att f\u00e5 bekr\u00e4ftelse p\u00e5 sitt arbete.<\/p>\n<p><strong>Det finns hj\u00e4lp p\u00e5 n\u00e4ra h\u00e5ll<\/strong><\/p>\n<p style=\"text-align: left;\">Du kanske redan \u00e4r medlem p\u00e5 n\u00e5gon &#8221;userlist&#8221;, exvis NORDX hos Groups.io? H\u00e4r finns \u00e4ven en livaktig grupp f\u00f6r oss som gillar fyrar, <a href=\"https:\/\/groups.io\/g\/ndblist\" target=\"_blank\" rel=\"noopener\">The NDB List<\/a>. Gruppen \u00e4r sluten och kr\u00e4ver medlemskap, vilket \u00e4r gratis och tillg\u00e4ngligt f\u00f6r alla intresserade. Du s\u00f6ker medlemskap p\u00e5 angiven sida.<\/p>\n<p style=\"text-align: left;\">M\u00e5nga har genom \u00e5ren skrivit f\u00f6rn\u00e4mliga \u201dhandb\u00f6cker\u201d i \u00e4mnet och lagt ut dem fritt p\u00e5 n\u00e4tet. En del har stulits av samvetsl\u00f6sa och dessa \u00e4r d\u00e4rf\u00f6r inte l\u00e4ngre tillg\u00e4ngliga. Googla och du skall finna. <strong><a href=\"http:\/\/www.ndblist.info\/\" target=\"_blank\" rel=\"noopener noreferrer\">NDBList.info<\/a><\/strong> \u00e4r annars en mycket bra utg\u00e5ngspunkt i www-terr\u00e4ngen. Tyv\u00e4rr \u00e4r NDB-lyssning inte representerat i s\u00e5 v\u00e4rst m\u00e5nga tipsspalter o dyl. The NDB List rekommenderas \u00e4ven i detta sammanhang d\u00e4rj\u00e4mte publikationerna: finska Radiomailmaa samt engelska MW News. Parka-loggarna inneh\u00e5ller ibland NDB-h\u00f6righeter, f\u00f6retr\u00e4desvis fr\u00e5n AK o CAN.<\/p>\n<p style=\"text-align: left;\">Googla p\u00e5 \u201dNon Directional Beacons\u201d s\u00e5 f\u00e5r du b\u00e4ttre tr\u00e4ffar \u00e4n du f\u00e5r p\u00e5 f\u00f6rkortningen ndb. Du hittar d\u00e4r bilder, text och videos. \u00abUtility\u00bb \u00e4r samlingsbegreppet f\u00f6r alla icke rundradio- eller amat\u00f6rradioaktiviter p\u00e5 banden. S\u00f6k och finn.<\/p>\n<p><strong>Att titta p\u00e5 radiofyrar<\/strong><\/p>\n<p style=\"text-align: left;\">En speciell bonus f\u00f6r oss som lyssnar p\u00e5 fyrar med SDR-mottagare ligger i det faktum att SDR-programmen kan visa mottagningsfrekvensen i ett sk vattenfall. R\u00e4tt inst\u00e4llt ger vattenfallet en utm\u00e4rkt m\u00f6jlighet att SE fyrarna i st\u00e4llet f\u00f6r att lyssna p\u00e5 dem. Du f\u00e5r kanske laborera med storlek, hastighet och kontrast f\u00f6r att n\u00e5 din b\u00e4sta inst\u00e4llning och d\u00e5 f\u00e5 en visual istf aural copy. En printscreen och verifikationen \u00e4r hemma. Sj\u00e4lv har jag en \u00e4rftlig h\u00f6rselneds\u00e4ttning och jag letar mina fyrar till 95% direkt p\u00e5 sk\u00e4rmen. Olika program \u00e4r olika l\u00e4mpade f\u00f6r denna presentation och jag tycker SDRConsole \u00e4r outstanding. Visual copy \u00e4r ett trevligt och tyst s\u00e4tt som \u00f6ron, huvud och omgivning uppskattar. Jo jag \u00e4ger h\u00f6rlurar, men utan dem kan jag tom f\u00f6ra enklare samtal med hustrun allt medan fyrarna rullar f\u00f6rbi i lagom takt.<\/p>\n<p style=\"text-align: left;\"><a href=\"https:\/\/www.sdxf.se\/WP\/wp-content\/uploads\/2019\/12\/Fyrar3.jpg\"><img loading=\"lazy\" decoding=\"async\" class=\"alignleft size-medium wp-image-8733\" src=\"https:\/\/www.sdxf.se\/WP\/wp-content\/uploads\/2019\/12\/Fyrar3-300x232.jpg\" alt=\"\" width=\"300\" height=\"232\" srcset=\"https:\/\/www.sdxf.se\/WP\/wp-content\/uploads\/2019\/12\/Fyrar3-300x232.jpg 300w, https:\/\/www.sdxf.se\/WP\/wp-content\/uploads\/2019\/12\/Fyrar3.jpg 714w\" sizes=\"auto, (max-width: 300px) 100vw, 300px\" \/><\/a>P\u00e5 bilden till v\u00e4nster finner du, fr\u00e5n v\u00e4nster (Vattenfallet rullar uppifr\u00e5n och ner):<br \/>\n\u00b4V\u00b4, i Kokola, Finland, id 400 Hz p\u00e5 var sida om sin b\u00e4rv\u00e5gsfrekvens 339 kHz. Sedan \u00b4QD\u00b4 i Petrozavodsk, Ryssland, med 800 Hz modulation p\u00e5 340 kHz. \u00b4KAI\u00b4 i Kaippo, Finland \u00e4ven den p\u00e5 340 kHz, men med 400 Hz modulering. Svagt ser du \u00b4DB\u00b4 400 Hz till h\u00f6ger om 341 kHz med en ton, sk Daid, mellan sina id. Detta \u00e4r Destruction Bay, YT, i Canada. P\u00e5 h\u00f6gerkanten innan UTCmarkeringarna \u00b4VD\u00b4 Vads\u00f6 i Norge. M\u00e5nga fyrar anv\u00e4nder bokst\u00e4ver ur sin geografiska namn i identifikationen. Bilden \u00e4r fr\u00e5n PAX 107.<\/p>\n<p><strong>Rekommenderade hj\u00e4lpmedel<br \/>\n<\/strong><\/p>\n<p style=\"text-align: left;\">F\u00f6rutom l\u00e4mplig radio och antenn beh\u00f6vs inget annat \u00e4n morsealfabetet och en fyrlista. Se kommentarer om morse ovan. Dagens SDR-mottagare g\u00f6r att de tidigare s\u00e5 vanliga audiofiltren kan anst\u00e5, likas\u00e5 de f\u00f6rn\u00e4mliga Chebuchev-filtren till antenning\u00e5ngen. Dessa tv\u00e5 filtertyper g\u00f6r inte ett s\u00e4mre jobb idag, men moderna mottagares superbranta filter och inbyggda selektiva ing\u00e5ngsfilter g\u00f6r ett utm\u00e4rkt jobb. Bra \u00f6ron och dito h\u00f6rlurar kommer att g\u00f6ra nytta n\u00e4r tv\u00e5 eller flera fyrar tutar p\u00e5 n\u00e4stan precis samma sidbandsfrekvens. V\u00e4lj g\u00e4rna en l\u00e5g ton f\u00f6r din morseavkodning. Ditt \u00f6ra klarar d\u00e5 b\u00e4ttre att skilja mellan signalerna. Byt standardinst\u00e4llningen 600 Hz till 300 eller 400. Tryck p\u00e5 Perseus bl\u00e5a fyrkant, v\u00e4lj Software Settings och sedan \u201dCW Note Pitch\u201d i h\u00f6gra kolumnen.<\/p>\n<p>Lycka till p\u00e5 fyrbanden!<\/p>\n<p>G\u00f6ran Norstedt<\/p>\n","protected":false},"excerpt":{"rendered":"<p>Jag f\u00f6rs\u00f6ker h\u00e4r bringa klarhet kring en del av fyrlyssningens grundbultar. Om intresse finns kan jag utveckla \u00e4mnet i en kommande artikel. Vad\u00e5 fyrlyssning?! Det finns m\u00e5nga s\u00e4tt att anv\u00e4nda radiov\u00e5gor p\u00e5. Ett av de \u00f6ver tiden mest intressanta tycker <span class=\"excerpt-dots\">&hellip;<\/span> <a class=\"more-link\" href=\"https:\/\/www.sdxf.se\/WP\/?page_id=8723\"><span class=\"more-msg\">L\u00e4s mer &rarr;<\/span><\/a><\/p>\n","protected":false},"author":2,"featured_media":0,"parent":8626,"menu_order":1,"comment_status":"closed","ping_status":"closed","template":"","meta":{"footnotes":""},"class_list":["post-8723","page","type-page","status-publish","hentry"],"_links":{"self":[{"href":"https:\/\/www.sdxf.se\/WP\/index.php?rest_route=\/wp\/v2\/pages\/8723","targetHints":{"allow":["GET"]}}],"collection":[{"href":"https:\/\/www.sdxf.se\/WP\/index.php?rest_route=\/wp\/v2\/pages"}],"about":[{"href":"https:\/\/www.sdxf.se\/WP\/index.php?rest_route=\/wp\/v2\/types\/page"}],"author":[{"embeddable":true,"href":"https:\/\/www.sdxf.se\/WP\/index.php?rest_route=\/wp\/v2\/users\/2"}],"replies":[{"embeddable":true,"href":"https:\/\/www.sdxf.se\/WP\/index.php?rest_route=%2Fwp%2Fv2%2Fcomments&post=8723"}],"version-history":[{"count":24,"href":"https:\/\/www.sdxf.se\/WP\/index.php?rest_route=\/wp\/v2\/pages\/8723\/revisions"}],"predecessor-version":[{"id":15418,"href":"https:\/\/www.sdxf.se\/WP\/index.php?rest_route=\/wp\/v2\/pages\/8723\/revisions\/15418"}],"up":[{"embeddable":true,"href":"https:\/\/www.sdxf.se\/WP\/index.php?rest_route=\/wp\/v2\/pages\/8626"}],"wp:attachment":[{"href":"https:\/\/www.sdxf.se\/WP\/index.php?rest_route=%2Fwp%2Fv2%2Fmedia&parent=8723"}],"curies":[{"name":"wp","href":"https:\/\/api.w.org\/{rel}","templated":true}]}}